{"id":29,"date":"2025-06-24T12:09:26","date_gmt":"2025-06-24T11:09:26","guid":{"rendered":"http:\/\/localhost\/unloaded\/?page_id=29"},"modified":"2026-04-19T15:47:46","modified_gmt":"2026-04-19T13:47:46","slug":"kontakt","status":"publish","type":"page","link":"https:\/\/unloaded.cz\/en\/kontakt\/","title":{"rendered":"CONTACT"},"content":{"rendered":"\n<style type=\"text\/css\">\n\t#contact-info-block_a61f8301ec40fa1c49c4e00e117283d6 {\n\t\t\/* Add styles that use ACF values here *\/\n\t}\n<\/style>\n\n<section id=\"contact-info-block_a61f8301ec40fa1c49c4e00e117283d6\" class=\"block-contact-info c-i-section w-full pt-6 lg:py-20\">\n    <div class=\"container\">\n        <div class=\"c-i-block\">\n            <div class=\"flex flex-wrap -mx-5 gap-y-11 justify-center mb-9.75 lg:mb-0\">\n                <div class=\"w-full lg:w-[33.33%] px-[1.375rem] lg:px-5\" data-aos=\"fade-up\">\n                    <div class=\"py-10.75 px-12.5 lg:px-15 lg:p-10 bg-[var(--venice_blue)] rounded-xl text-white white-text h-full text-3xl\">\n                                                                            <a class=\"phone inline-block pl-22.5 lg:pl-15 py-4 bg-no-repeat hover:text-[var(--pacific_blue)]\" href=\"tel:+420383382293\" target=\"\">+420 383 382 293<\/a>\n                                                                                                    <a class=\"email inline-block pl-22.5 lg:pl-15 py-4 bg-no-repeat hover:text-[var(--pacific_blue)]\" href=\"mailto:info@unloaded.cz\" target=\"\">info@unloaded.cz<\/a>\n                                            <\/div>\n                <\/div>\n                <div class=\"w-full lg:w-[33.33%] px-5\" data-aos=\"fade-up\">\n                    <div class=\"p-10 bg-[var(--venice_blue)] rounded-xl text-white white-text h-full\">\n                        <h2 class=\"mb-2.5 lg:mb-6\">Adresa:<\/h2>\n                        UNLOADED s.r.o.<br \/>\r\nSlapy 60,<br \/>\r\n391 76 Slapy                    <\/div>\n                <\/div>\n                <div class=\"w-full lg:w-[33.33%] px-5\" data-aos=\"fade-up\">\n                    <div class=\"p-10 bg-[var(--venice_blue)] rounded-xl text-white white-text h-full\">\n                        <h2 class=\"mb-6\">Sledujte n\u00e1s<\/h2>\n                        <div class=\"w-full flex flex-wrap items-center justify-center lg:justify-start gap-25.75 mb-5 lg:mb-0 lg:gap-10 mt-7.5 lg:mt-9\">\n                                                                                                                                    <a href=\"https:\/\/www.facebook.com\/profile.php?id=61557781179556\" target=\"_blank\">\n                                                                                                                            <img loading=\"lazy\" decoding=\"async\" src=\"https:\/\/unloaded.cz\/wp-content\/uploads\/unloaded-facebook-white.svg\" alt=\"Ikona Facebook \u2013 Unloaded\" class=\"max-h-15 max-w-15 w-auto h-auto\" \/>\n                                            \n                                    <\/a>\n                                                                                                        <a href=\"https:\/\/www.linkedin.com\/company\/unloaded-s-r-o\/?viewAsMember=true\" target=\"_blank\">\n                                                                                                                            <img loading=\"lazy\" decoding=\"async\" src=\"https:\/\/unloaded.cz\/wp-content\/uploads\/unloaded-linkedin-white.svg\" alt=\"Ikona LinkedIn \u2013 Unloaded\" class=\"max-h-15 max-w-15 w-auto h-auto\" \/>\n                                            \n                                    <\/a>\n                                                                                                        <a href=\"https:\/\/www.instagram.com\/unloaded.cz?igsh=MWhpajdzb2ZuNW15eg==\" target=\"_blank\">\n                                                                                                                            <img loading=\"lazy\" decoding=\"async\" src=\"https:\/\/unloaded.cz\/wp-content\/uploads\/unloaded-insta-white.svg\" alt=\"Ikona Instagram \u2013 Unloaded\" class=\"max-h-15 max-w-15 w-auto h-auto\" \/>\n                                            \n                                    <\/a>\n                                                                                    <\/div>\n                    <\/div>\n                <\/div>\n            <\/div>\n        <\/div>\n    <\/div>\n<\/section>\n\n\n<style type=\"text\/css\">\n\t#contact-person-info-block_eee18871057aeac1bded314393551294 {\n\t\t\/* Add styles that use ACF values here *\/\n\t}\n<\/style>\n\n<section id=\"contact-person-info-block_eee18871057aeac1bded314393551294\" class=\"block-contact-info s-c-section w-full mb-12\">\n    <div class=\"container\">\n        <div class=\"s-c-block\">\n                        <div class=\"flex flex-wrap -mx-5 gap-y-11 justify-center\">\n                                    <div class=\"w-full lg:w-[33.33%] px-7 lg:px-5\" data-aos=\"fade-up\">\n                        <div class=\"p-8 bg-white border-1 border-[var(--venice_blue)] rounded-xl h-full space-y-4 relative\">\n                            <h2 class=\"font-bold mb-3.5 md:mb-2.5\">Jan Schmied<\/h2>\n                            <p class=\"w-[90%] lg:w-[100%] mb-4 md:mb-2 text-3xl md:text-2xl\">CEO &amp; COO<\/p>\n                                                                                        <a class=\"phone inline-block pl-17 lg:pl-15 py-2 bg-no-repeat hover:text-[var(--pacific_blue)] text-2xl md:text-xl\" href=\"tel:+420%20725%20284%20069\" target=\"\">+420 725 284 069<\/a>\n                                                                                                                    <a class=\"email inline-block pl-17 lg:pl-15 py-2 bg-no-repeat hover:text-[var(--pacific_blue)] text-2xl md:text-xl\" href=\"mailto:jan.schmied@unloaded.cz\" target=\"\">jan.schmied@unloaded.cz<\/a>\n                                                    <\/div>\n                    <\/div>\n                                    <div class=\"w-full lg:w-[33.33%] px-7 lg:px-5\" data-aos=\"fade-up\">\n                        <div class=\"p-8 bg-white border-1 border-[var(--venice_blue)] rounded-xl h-full space-y-4 relative\">\n                            <h2 class=\"font-bold mb-3.5 md:mb-2.5\">Ji\u0159\u00ed \u0160\u0165astn\u00edk<\/h2>\n                            <p class=\"w-[90%] lg:w-[100%] mb-4 md:mb-2 text-3xl md:text-2xl\">CSO &amp; COO<\/p>\n                                                                                        <a class=\"phone inline-block pl-17 lg:pl-15 py-2 bg-no-repeat hover:text-[var(--pacific_blue)] text-2xl md:text-xl\" href=\"tel:+420%20739%20990%20935\" target=\"\">+420 739 990 335<\/a>\n                                                                                                                    <a class=\"email inline-block pl-17 lg:pl-15 py-2 bg-no-repeat hover:text-[var(--pacific_blue)] text-2xl md:text-xl\" href=\"mailto:jiri.stastnik@unloaded.cz\" target=\"\">jiri.stastnik@unloaded.cz<\/a>\n                                                    <\/div>\n                    <\/div>\n                                    <div class=\"w-full lg:w-[33.33%] px-7 lg:px-5\" data-aos=\"fade-up\">\n                        <div class=\"p-8 bg-white border-1 border-[var(--venice_blue)] rounded-xl h-full space-y-4 relative\">\n                            <h2 class=\"font-bold mb-3.5 md:mb-2.5\">Pavel \u0160ejnoha <\/h2>\n                            <p class=\"w-[90%] lg:w-[100%] mb-4 md:mb-2 text-3xl md:text-2xl\">Dispe\u010der dopravy<\/p>\n                                                                                        <a class=\"phone inline-block pl-17 lg:pl-15 py-2 bg-no-repeat hover:text-[var(--pacific_blue)] text-2xl md:text-xl\" href=\"tel:+420%20602%20157%20859\" target=\"\">+420 602 157 859 <\/a>\n                                                                                                                    <a class=\"email inline-block pl-17 lg:pl-15 py-2 bg-no-repeat hover:text-[var(--pacific_blue)] text-2xl md:text-xl\" href=\"mailto:pavel.sejnoha@unloaded.cz\" target=\"\">pavel.sejnoha@unloaded.cz<\/a>\n                                                    <\/div>\n                    <\/div>\n                            <\/div>\n                    <\/div>\n    <\/div>\n<\/section>\n\n\n<div class=\"wp-block-group alignwide\"><div class=\"wp-block-group__inner-container is-layout-constrained wp-block-group-is-layout-constrained\">\n<h2 class=\"wp-block-heading has-text-align-center\" style=\"font-size:2.5rem\">Chcete si objednat n\u011bkterou z na\u0161ich slu\u017eeb?<\/h2>\n\n\n\n<div style=\"height:0.5rem\" aria-hidden=\"true\" class=\"wp-block-spacer\"><\/div>\n\n\n\n<style type=\"text\/css\">\n\t#service-card-block_6135d13e41c24f731ce3684d887b23a2 {\n\t\t\/* Add styles that use ACF values here *\/\n\t}\n<\/style>\n\n<section id=\"service-card-block_6135d13e41c24f731ce3684d887b23a2\" class=\"block-service-card s-c-section w-full\">\n    <div class=\"container\">\n        <div class=\"s-c-block\">\n                        <div class=\"flex flex-wrap -mx-5 gap-y-11 justify-center\">\n                                    <div class=\"w-full lg:w-[33.33%] px-7 lg:px-5\" data-aos=\"fade-up\">\n                        <div class=\"p-8 pb-24 bg-white border-1 border-[var(--venice_blue)] rounded-xl h-full space-y-4 relative\">\n                            <h2 class=\"font-bold mb-2.5\">Logistika<\/h2>\n                            <p class=\"text-lg w-[90%] lg:w-[100%] mb-5.25\">Pot\u0159ebujete doru\u010dit zbo\u017e\u00ed rychle a zbyte\u010dn\u00e9ho pap\u00edrov\u00e1n\u00ed? Po\u0161lete n\u00e1m, co, kam a kdy. O zbytek se postar\u00e1me. <\/p>\n                                                                                        <a class=\"absolute bottom-8 left-8 right-8 text-lx bg-[var(--cyan_blue)] text-white hover:bg-[var(--pacific_blue)] hover:text-white text-center font-bold py-[0.825rem] px-4 rounded-xl\" href=\"\/formular-pro-logistiku\/\" target=\"\">Objednat p\u0159epravu<\/a>\n                                                    <\/div>\n                    <\/div>\n                                    <div class=\"w-full lg:w-[33.33%] px-7 lg:px-5\" data-aos=\"fade-up\">\n                        <div class=\"p-8 pb-24 bg-white border-1 border-[var(--venice_blue)] rounded-xl h-full space-y-4 relative\">\n                            <h2 class=\"font-bold mb-2.5\">Servis<\/h2>\n                            <p class=\"text-lg w-[90%] lg:w-[100%] mb-5.25\">Va\u0161e auto si zaslou\u017e\u00ed jistotu. My ji nab\u00edz\u00edme. Objednejte si servis, kter\u00fd nebrzd\u00ed v\u00e1\u0161 byznys.<\/p>\n                                                                                        <a class=\"absolute bottom-8 left-8 right-8 text-lx bg-[var(--cyan_blue)] text-white hover:bg-[var(--pacific_blue)] hover:text-white text-center font-bold py-[0.825rem] px-4 rounded-xl\" href=\"\/formular-pro-servis\/\" target=\"\">Objednat se na servis<\/a>\n                                                    <\/div>\n                    <\/div>\n                                    <div class=\"w-full lg:w-[33.33%] px-7 lg:px-5\" data-aos=\"fade-up\">\n                        <div class=\"p-8 pb-24 bg-white border-1 border-[var(--venice_blue)] rounded-xl h-full space-y-4 relative\">\n                            <h2 class=\"font-bold mb-2.5\">P\u016fj\u010dovna<\/h2>\n                            <p class=\"text-lg w-[90%] lg:w-[100%] mb-5.25\">Dod\u00e1vka na zak\u00e1zku, st\u011bhov\u00e1n\u00ed nebo n\u00e1hrada za rozbit\u00e9 auto? Vyberte si model a term\u00edn. Vozidlo v\u00e1m r\u00e1di i p\u0159ivezeme.<\/p>\n                                                                                        <a class=\"absolute bottom-8 left-8 right-8 text-lx bg-[var(--cyan_blue)] text-white hover:bg-[var(--pacific_blue)] hover:text-white text-center font-bold py-[0.825rem] px-4 rounded-xl\" href=\"\/formular-pro-pujcovnu\/\" target=\"\">Zarezervovat si dod\u00e1vku<\/a>\n                                                    <\/div>\n                    <\/div>\n                            <\/div>\n                    <\/div>\n    <\/div>\n<\/section>\n\n\n<div style=\"height:6rem\" aria-hidden=\"true\" class=\"wp-block-spacer\"><\/div>\n<\/div><\/div>\n","protected":false},"excerpt":{"rendered":"<p>Would you like to order one of our services?<\/p>","protected":false},"author":2,"featured_media":0,"parent":0,"menu_order":0,"comment_status":"closed","ping_status":"closed","template":"","meta":{"_acf_changed":false,"_seopress_robots_primary_cat":"","_seopress_titles_title":"KONTAKT | UNLOADED \u2013 Spojte se s n\u00e1mi je\u0161t\u011b dnes","_seopress_titles_desc":"Kontaktujte UNLOADED. Jsme p\u0159ipraveni zajistit logistiku, p\u016fj\u010dovnu i servis vozidel. Zavolejte n\u00e1m nebo vypl\u0148te formul\u00e1\u0159 \u2013 reagujeme rychle.","_seopress_robots_index":"","inline_featured_image":false,"footnotes":""},"class_list":["post-29","page","type-page","status-publish","hentry"],"acf":[],"_links":{"self":[{"href":"https:\/\/unloaded.cz\/en\/wp-json\/wp\/v2\/pages\/29","targetHints":{"allow":["GET"]}}],"collection":[{"href":"https:\/\/unloaded.cz\/en\/wp-json\/wp\/v2\/pages"}],"about":[{"href":"https:\/\/unloaded.cz\/en\/wp-json\/wp\/v2\/types\/page"}],"author":[{"embeddable":true,"href":"https:\/\/unloaded.cz\/en\/wp-json\/wp\/v2\/users\/2"}],"replies":[{"embeddable":true,"href":"https:\/\/unloaded.cz\/en\/wp-json\/wp\/v2\/comments?post=29"}],"version-history":[{"count":16,"href":"https:\/\/unloaded.cz\/en\/wp-json\/wp\/v2\/pages\/29\/revisions"}],"predecessor-version":[{"id":812,"href":"https:\/\/unloaded.cz\/en\/wp-json\/wp\/v2\/pages\/29\/revisions\/812"}],"wp:attachment":[{"href":"https:\/\/unloaded.cz\/en\/wp-json\/wp\/v2\/media?parent=29"}],"curies":[{"name":"wp","href":"https:\/\/api.w.org\/{rel}","templated":true}]}}