{"id":27,"date":"2025-06-24T12:09:19","date_gmt":"2025-06-24T11:09:19","guid":{"rendered":"http:\/\/localhost\/unloaded\/?page_id=27"},"modified":"2026-04-20T13:31:41","modified_gmt":"2026-04-20T11:31:41","slug":"o-nas-unloaded","status":"publish","type":"page","link":"https:\/\/unloaded.cz\/en\/o-nas-unloaded\/","title":{"rendered":"ABOUT US"},"content":{"rendered":"\n<style type=\"text\/css\">\n\t#hero-block-block_c113133e1bfd3897c0f1f166bcdc7331 {\n\t\t\/* Add styles that use ACF values here *\/\n\t}\n<\/style>\n\n<section id=\"hero-block-block_c113133e1bfd3897c0f1f166bcdc7331\" class=\"block-hero-block hero-section w-full min-h-192 relative lg:py-23 py-16 flex items-end lg:block alignment-right mobile_top\">\n                                    <div class=\"absolute inset-0 w-full h-full\">\n                                    <img decoding=\"async\"\n\t\t\t\t\t\tdecoding=\"async\"\n\t\t\t\t\t\tfetchpriority=\"high\"\n                        src=\"https:\/\/unloaded.cz\/wp-content\/uploads\/unloaded-about-us-banner-1.jpg\" \n                        alt=\"Autodoprava pro firmy\" \n                        class=\"hidden lg:block w-full h-full object-cover\"\n                    \/>\n                \n                                    <img decoding=\"async\" \n\t\t\t\t\t\tdecoding=\"async\"\n\t\t\t\t\t\tfetchpriority=\"high\"\n                        src=\"https:\/\/unloaded.cz\/wp-content\/uploads\/unloaded-about-us-banner-mobil.jpg\" \n                        alt=\"Autodoprava pro firmy\" \n                        class=\"block lg:hidden w-full h-full object-cover\"\n                    \/>\n                            <\/div>\n                <div class=\"container\">\n        <div class=\"hero-caption white-text max-w-full w-136 sm:w-127 m-auto lg:m-0 lg:w-144 text-white bg-[rgba(0,0,0,0.8)] p-7.5 relative rounded-xl text-xl lg:block flex flex-col items-end lg:block text-center lg:text-left\" data-aos=\"fade-in\">\n            <h1>Kdy\u017e logistika funguje, va\u0161e firma m\u016f\u017ee r\u016fst<\/h1>\n<p>A pr\u00e1v\u011b o to n\u00e1m jde.<\/p>\n                                        <a class=\"btn w-full\" href=\"#\" target=\"\">P\u0159e\u010dt\u011bte si o n\u00e1s v\u00edc<\/a>\n                    <\/div>\n    <\/div>\n<\/section>\n\n\n<style type=\"text\/css\">\n\t#intro-block-block_ef3343e1385e890ff64056647d9578b1 {\n\t\t\/* Add styles that use ACF values here *\/\n\t}\n<\/style>\n\n<section id=\"intro-block-block_ef3343e1385e890ff64056647d9578b1\" class=\"block-intro-block intro-section w-full relative py-15 lg:py-25 overflow-hidden\">\n    <div class=\"container\">\n        \n                        <div class=\"title text-center w-206 max-w-full mx-auto space-y-6\" data-aos=\"fade-up\">\n                    <h2>V\u011b\u0159\u00edme, \u017ee logistika nem\u00e1 b\u00fdt brzda va\u0161eho podnik\u00e1n\u00ed, ale motor, kter\u00fd v\u00e1m pom\u00e1h\u00e1 r\u016fst. Jednodu\u0161e, spolehliv\u011b a lidsky.<\/h2>\n                <\/div>\n                    <\/div>\n<\/section>\n\n\n<style type=\"text\/css\">\n\t#values-block-block_436d9b8e50cfc543b771d48aa5c6db48 {\n\t\t\/* Add styles that use ACF values here *\/\n\t}\n<\/style>\n\n<section id=\"values-block-block_436d9b8e50cfc543b771d48aa5c6db48\" class=\"block-values-block value-section bg-[var(--venice_blue)] pt-12.25 pb-20 lg:pt-9 lg:pb-20 relative overflow-hidden\">\n    <div class=\"container relative z-1\">\n    \u2003\u2003\u2003\u2003\u2003\u2003<h2 class=\"title text-center white-text w-full mb-13 \" data-aos=\"fade-up\"><strong class=\"text-white\">Na\u0161e hodnoty<\/strong><\/h2>\n\n                    <div class=\"w-104.25 lg:w-358.75 m-auto\">\n                <div class=\"flex flex-wrap justify-center lg:-mx-11 vl-block gap-y-13 lg:gap-y-20 w-full lg:w-auto m-auto\">\n                                            <div class=\"col w-full lg:w-[33.33%] lg:px-11\" data-aos=\"fade-up\">\n                            <div class=\"vl-box px-12.25 pt-9.5 pb-13 lg:p-11 bg-white rounded-xl h-full\">\n                                <h3 class=\"text-[1.625rem]! lg:text-[3.125rem]! font-bold mb-4.25 lg:mb-6\">Spolehlivost<\/h3>\n                                <p>Co \u0159ekneme, to plat\u00ed. Nechod\u00edme kolem hork\u00e9 ka\u0161e, neslibujeme nesmysly. Kdy\u017e se na n\u00e1s n\u011bkdo obr\u00e1t\u00ed, v\u00ed, \u017ee doru\u010d\u00edme. Bez v\u00fdmluv, bez komplikac\u00ed.<\/p>\n                            <\/div>\n                        <\/div>\n                                            <div class=\"col w-full lg:w-[33.33%] lg:px-11\" data-aos=\"fade-up\">\n                            <div class=\"vl-box px-12.25 pt-9.5 pb-13 lg:p-11 bg-white rounded-xl h-full\">\n                                <h3 class=\"text-[1.625rem]! lg:text-[3.125rem]! font-bold mb-4.25 lg:mb-6\">Flexibilita<\/h3>\n                                <p>Nep\u0159ekvap\u00ed n\u00e1s ani zm\u011bna v posledn\u00ed minut\u011b. Um\u00edme se p\u0159izp\u016fsobit, p\u0159ehodit priority a naj\u00edt \u0159e\u0161en\u00ed i tam, kde ostatn\u00ed skon\u010dili. Pro n\u00e1s je flexibilita standard, ne v\u00fdjimka.<\/p>\n                            <\/div>\n                        <\/div>\n                                            <div class=\"col w-full lg:w-[33.33%] lg:px-11\" data-aos=\"fade-up\">\n                            <div class=\"vl-box px-12.25 pt-9.5 pb-13 lg:p-11 bg-white rounded-xl h-full\">\n                                <h3 class=\"text-[1.625rem]! lg:text-[3.125rem]! font-bold mb-4.25 lg:mb-6\">Lidsk\u00fd p\u0159\u00edstup<\/h3>\n                                <p>Chov\u00e1me se norm\u00e1ln\u011b. \u0158\u00edk\u00e1me v\u011bci na rovinu, komunikujeme jako lidi. Nechceme b\u00fdt \u201edodavatel\u201c, chceme b\u00fdt partner, kter\u00e9ho se d\u00e1 zavolat, kdy\u017e jde do tuh\u00e9ho.<\/p>\n                            <\/div>\n                        <\/div>\n                                    \n    <\/div>\n<\/section>\n\n\n<style type=\"text\/css\">\n\t#icon-feature-grid-block_cfa9ca4d1124cbf871f7c8f5e24ebee5 {\n\t\t\/* Add styles that use ACF values here *\/\n\t}\n<\/style>\n\n<section id=\"icon-feature-grid-block_cfa9ca4d1124cbf871f7c8f5e24ebee5\" class=\"block-icon-feature-grid w-full relative py-20 overflow-hidden\">\n    <div class=\"container\">\n        <div class=\"title text-center lg:text-left mb-18\" data-aos=\"fade-up\">\n            <h2 class=\"mb-5 has-text-color\">Pro\u010d s n\u00e1mi<\/h2>\n                    <\/div>\n\n                    <div class=\"flex flex-wrap gap-y-11 lg:gap-y-12 three_column justify-center items-start row\">\n                                    <div class=\"flex flex-wrap text-center lg:text-left items-start feature-box\" data-aos=\"fade-up\">\n                        <div class=\"w-20 h-18 flex items-center justify-center feature-icon relative mb-11.75 lg:mb-14\">\n                                                                                        <img loading=\"lazy\" decoding=\"async\" src=\"https:\/\/unloaded.cz\/wp-content\/uploads\/unloaded-phone.svg\" alt=\"Autodoprava pro firmy\" class=\"max-w-8 max-h-8 w-auto h-auto\" \/>\n                                                    <\/div>\n                        <div class=\"w-full\">\n                            <h3 class=\"mb-6 font-bold\">V\u0161echno vy\u0159e\u0161\u00edte jedn\u00edm telefonem<\/h3>\n                            \u017d\u00e1dn\u00e9 formul\u00e1\u0159e, \u017e\u00e1dn\u00e9 schvalov\u00e1n\u00ed. Jen jasn\u00e9 zad\u00e1n\u00ed a \u0159e\u0161en\u00ed.                        <\/div>\n                    <\/div>\n                                    <div class=\"flex flex-wrap text-center lg:text-left items-start feature-box\" data-aos=\"fade-up\">\n                        <div class=\"w-20 h-18 flex items-center justify-center feature-icon relative mb-11.75 lg:mb-14\">\n                                                                                        <img loading=\"lazy\" decoding=\"async\" src=\"https:\/\/unloaded.cz\/wp-content\/uploads\/unloaded-people.svg\" alt=\"Autodoprava pro firmy\" class=\"max-w-8 max-h-8 w-auto h-auto\" \/>\n                                                    <\/div>\n                        <div class=\"w-full\">\n                            <h3 class=\"mb-6 font-bold\">Mluv\u00edme  <br>jako lidi<\/h3>\n                            \u017d\u00e1dn\u00e9 odborn\u00e9 v\u00fdrazy pro jednoduch\u00e9 v\u011bci. Co \u0159ekneme, to plat\u00ed.                        <\/div>\n                    <\/div>\n                                    <div class=\"flex flex-wrap text-center lg:text-left items-start feature-box\" data-aos=\"fade-up\">\n                        <div class=\"w-20 h-18 flex items-center justify-center feature-icon relative mb-11.75 lg:mb-14\">\n                                                                                        <img loading=\"lazy\" decoding=\"async\" src=\"https:\/\/unloaded.cz\/wp-content\/uploads\/unloaded-clock.svg\" alt=\"Dod\u00e1vku p\u0159istav\u00edme u\u017e b\u011bhem p\u00e1r hodin\" class=\"max-w-8 max-h-8 w-auto h-auto\" \/>\n                                                    <\/div>\n                        <div class=\"w-full\">\n                            <h3 class=\"mb-6 font-bold\">Jedeme, kdy\u017e ostatn\u00ed je\u0161t\u011b pl\u00e1nuj\u00ed<\/h3>\n                            Na\u0161e reak\u010dn\u00ed doba se nepo\u010d\u00edt\u00e1 ve dnech, ale v hodin\u00e1ch.                        <\/div>\n                    <\/div>\n                            \n    <\/div>\n<\/section>\n\n\n<style type=\"text\/css\">\n\t#vehicle-highlight-block_c24509110f0efd8d84ef82f7769ccdf4 {\n\t\t\/* Add styles that use ACF values here *\/\n\t}\n<\/style>\n\n\n<section id=\"vehicle-highlight-block_c24509110f0efd8d84ef82f7769ccdf4\" class=\"vehicle-highlight-block block-vehicle-highlight vehicle-highlight-section  full_width_block full_width_center_align\">\n    \n            <div class=\"v-h-block flex flex-wrap lg:gap-y-15\">\n                            <div class=\"w-full flex flex-wrap v-h-box relative min-h-127 bg-[var(--venice_blue)] v-h-alternalte-block image_align_left\">\n                                                                <div class=\"block lg:hidden w-full h-auto relative home-mobile-img order-2 lg:order-none\">\n                            <img loading=\"lazy\" decoding=\"async\" src=\"https:\/\/unloaded.cz\/wp-content\/uploads\/unloaded-kdo-jsme-mobile.jpg\" alt=\"T\u00fdm UNLOADED p\u0159ed dod\u00e1vkami \u2013 spolehliv\u00e1 logistika a servis pro firmy\" class=\"block lg:hidden w-full h-auto mobile-img\" \/>\n                            <img decoding=\"async\" src=\"https:\/\/unloaded.cz\/wp-content\/themes\/unloaded\/images\/unloaded-mobile-shap.png\" alt=\"vehicle-highlight-icon\" class=\"home-mobile-shap-img w-full h-auto absolute -top-[1px] rotate-180\">\n                        <\/div>\n                                        <div class=\"container flex flex-wrap justify-between justify-end vehicle-block-textcontent\">\n                        <div class=\"v-h-img w-[70%] absolute top-0 left-0 bottom-0 hidden lg:block\">\n                            \n                                                            <img loading=\"lazy\" decoding=\"async\" src=\"https:\/\/unloaded.cz\/wp-content\/uploads\/unloaded-logistika-image.png\" alt=\"T\u00fdm Unloaded p\u0159ed dod\u00e1vkami p\u0159ipraven\u00fdmi na logistiku\" class=\"hidden lg:block desktop-img w-full h-full object-cover\" \/>\n                                                    <\/div>\n                       \n\n                                                                              \n\n                        <div class=\"v-h-right w-full lg:w-[20rem] pt-25 pb-22.25 lg:py-25 flex flex-wrap items-center bg-[var(--venice_blue)] white-text lg:h-full relative\">\n                                                            <!-- Default image -->\n                                <img decoding=\"async\" src=\"https:\/\/unloaded.cz\/wp-content\/themes\/unloaded\/images\/Angle-Pattern.png\" \n                                    alt=\"vehicle-highlight-icon\" \n                                    class=\"hidden lg:block w-auto h-full absolute top-0 bottom-0 right-full pattern-img\">\n                                                        <!-- <img decoding=\"async\"  src=\"https:\/\/unloaded.cz\/wp-content\/themes\/unloaded\/images\/Angle-Pattern.png\" alt=\"vehicle-highlight-icon\" class=\"hidden lg:block w-auto h-full absolute top-0 bottom-0 right-full pattern-img\"> -->\n                            <div class=\"max-w-full lg:pl-18 space-y-4 v-h-content text-white\" data-aos=\"fade-in\">\n                                                                    <h3 class=\"mb-5 font-bold\">Kdo jsme<\/h3>\n                                                                <p>Jsme \u010desk\u00e1 autodopravn\u00ed firma, kter\u00e1 roste s jasn\u00fdm c\u00edlem. Nejprve jsme \u0159e\u0161ili vlastn\u00ed provoz, dnes poskytujeme p\u0159epravu, servis i pron\u00e1jem r\u016fznorod\u00fdm firm\u00e1m. Tak, aby v\u0161echno d\u00e1valo smysl a fungovalo.<\/p>\n<p>Stav\u00edme na jednoduchosti, rychlosti a lidsk\u00e9 komunikaci. Kdy\u017e je pot\u0159eba n\u011bco za\u0159\u00eddit, sta\u010d\u00ed zavolat. Kdy\u017e je probl\u00e9m, hled\u00e1me \u0159e\u0161en\u00ed. Spolupr\u00e1ce s n\u00e1mi je srozumiteln\u00e1, efektivn\u00ed a f\u00e9rov\u00e1.<\/p>\n                                                                                            <\/div>\n                        <\/div>\n                    <\/div>\n                    <div class=\"specification-mobile-table pt-160.25 pb-13.75 lg:hidden relative w-full\">\n                                                    <div class=\"left-0 top-0 h- block lg:hidden w-full h-auto absolute h-full w-full vh-img-mobile-block\">\n                                <img loading=\"lazy\" decoding=\"async\" src=\"https:\/\/unloaded.cz\/wp-content\/uploads\/unloaded-kdo-jsme-mobile.jpg\" alt=\"T\u00fdm UNLOADED p\u0159ed dod\u00e1vkami \u2013 spolehliv\u00e1 logistika a servis pro firmy\" class=\"block lg:hidden w-full h-auto mobile-img\" \/>\n                                                                    <!-- Default image -->\n                                    <img decoding=\"async\" src=\"https:\/\/unloaded.cz\/wp-content\/themes\/unloaded\/images\/unloaded-mobile-shap.png\" alt=\"Mobile Background Shap\" class=\"w-full h-auto absolute -top-[1px] mobile-shap rotate-180\">\n                                                            <\/div>\n                                                <div class=\"container relative z-1\">\n                                                                            <\/div>\n                    <\/div>\n                <\/div>\n                    <\/div>\n    \n<\/section>\n\n\n<style type=\"text\/css\">\n\t#intro-block-block_50632cb1ed353c94673043d18ed5c9c2 {\n\t\t\/* Add styles that use ACF values here *\/\n\t}\n<\/style>\n\n<section id=\"intro-block-block_50632cb1ed353c94673043d18ed5c9c2\" class=\"block-intro-block intro-section w-full relative py-15 lg:py-25 overflow-hidden\">\n    <div class=\"container\">\n        \n                        <div class=\"title text-center w-206 max-w-full mx-auto space-y-6\" data-aos=\"fade-up\">\n                    <h2>N\u00e1\u0161 p\u0159\u00edb\u011bh<\/h2>\n<p>Sami jsme b\u00fdval\u00ed \u0159idi\u010di a z praxe jsme v\u011bd\u011bli, \u017ee se to d\u00e1 d\u011blat l\u00edp. Frustrovalo n\u00e1s, kdy\u017e sl\u00edben\u00e9 vozy nebyly k dispozici, domluvy v\u00e1zly a nikdo necht\u011bl p\u0159evz\u00edt odpov\u011bdnost.<\/p>\n<p>UNLOADED jsme zalo\u017eili jako odpov\u011b\u010f na tenhle chaos. Za\u010d\u00ednali jsme s deseti \u0159idi\u010di, dnes m\u00e1me p\u0159es 50 lid\u00ed za volantem a 40+ voz\u016f ve flotile. D\u00edky tomu zvl\u00e1dneme v\u00edc zak\u00e1zek a reagujeme rychleji ne\u017e je b\u011b\u017en\u00e9. D\u011bl\u00e1me to zkr\u00e1tka tak, jak bychom to sami cht\u011bli m\u00edt.<\/p>\n                <\/div>\n                    <\/div>\n<\/section>\n\n\n<div class=\"wp-block-cover alignfull\" style=\"min-height:300px;aspect-ratio:unset;\"><span aria-hidden=\"true\" class=\"wp-block-cover__background has-veniceblue-background-color has-background-dim-100 has-background-dim\"><\/span><div class=\"wp-block-cover__inner-container is-layout-constrained wp-block-cover-is-layout-constrained\">\n<div class=\"wp-block-group alignwide\"><div class=\"wp-block-group__inner-container is-layout-constrained wp-block-group-is-layout-constrained\">\n<div style=\"height:3rem\" aria-hidden=\"true\" class=\"wp-block-spacer\"><\/div>\n\n\n<div class=\"wp-block-image\">\n<figure class=\"aligncenter size-large\"><img alt=\"UNLOADED s.r.o. - Driven to delivery\" loading=\"lazy\" decoding=\"async\" width=\"1024\" height=\"279\" src=\"https:\/\/unloaded.cz\/wp-content\/uploads\/unloaded-logo-full-1024x279.png\" alt=\"\" class=\"wp-image-250\" srcset=\"https:\/\/unloaded.cz\/wp-content\/uploads\/unloaded-logo-full-1024x279.png 1024w, https:\/\/unloaded.cz\/wp-content\/uploads\/unloaded-logo-full-300x82.png 300w, https:\/\/unloaded.cz\/wp-content\/uploads\/unloaded-logo-full-768x209.png 768w, https:\/\/unloaded.cz\/wp-content\/uploads\/unloaded-logo-full.png 1200w\" sizes=\"auto, (max-width: 1024px) 100vw, 1024px\" \/><\/figure>\n<\/div>\n\n\n<div style=\"height:3rem\" aria-hidden=\"true\" class=\"wp-block-spacer\"><\/div>\n<\/div><\/div>\n<\/div><\/div>\n\n\n\n<style type=\"text\/css\">\n\t#team-block-block_6d89d9353d94f32c88390a006c5d94f7 {\n\t\t\/* Add styles that use ACF values here *\/\n\t}\n<\/style>\n\n<section id=\"team-block-block_6d89d9353d94f32c88390a006c5d94f7\" class=\"block-team-block w-full relative pt-16 pb-28 lg:py-20\">\n    <div class=\"container\">\n                    <div class=\"grid lg:grid-cols-2 gap-x-20 gap-y-20 lg:gap-y-14\">\n                                    <div class=\"team-box px-12.5 lg:px-0\" data-aos=\"fade-up\">\n                                                                            <div class=\"team-img w-95 max-w-full mb-15\">\n                                <img loading=\"lazy\" decoding=\"async\" src=\"https:\/\/unloaded.cz\/wp-content\/uploads\/unloaded-Jan-Schmied.png\" alt=\"CEO spole\u010dnosti Unloaded \u2013 profesion\u00e1ln\u00ed autodoprava a logistika\" class=\"w-full max-w-full h-auto\"\/>\n                            <\/div>\n                        \n                        <div class=\"team-content w-95 pl-5 max-w-full\">\n                            <h3 class=\"font-bold mb-4\">Jan Schmied<\/h3>\n                            <h3 class=\"mb-7\">CEO a COO<\/h3>\n                            <p>Kdy\u017e mi n\u011bkdo vol\u00e1 o p\u016flnoci,\r\ntak nejsem nad\u0161en\u00fd. Ale zvednu to. Proto\u017ee v\u00edm, \u017ee n\u011bkdy to prost\u011b ho\u0159\u00ed.<\/p>\n                        <\/div>\n                    <\/div>\n                                    <div class=\"team-box px-12.5 lg:px-0\" data-aos=\"fade-up\">\n                                                                            <div class=\"team-img w-95 max-w-full mb-15\">\n                                <img loading=\"lazy\" decoding=\"async\" src=\"https:\/\/unloaded.cz\/wp-content\/uploads\/unloaded-jiri-stastnik.png\" alt=\"\u010clen t\u00fdmu Unloaded \u2013 logistika a autodoprava\" class=\"w-full max-w-full h-auto\"\/>\n                            <\/div>\n                        \n                        <div class=\"team-content w-95 pl-5 max-w-full\">\n                            <h3 class=\"font-bold mb-4\">Ji\u0159\u00ed \u0160\u0165astn\u00edk<\/h3>\n                            <h3 class=\"mb-7\">CSO a COO<\/h3>\n                            <p>Za\u010d\u00ednali jsme za volantem.\r\nV\u00edme, jak\u00e9 to je, kdy\u017e n\u011bkde n\u011bco sel\u017ee. Proto jsme UNLOADED postavili jinak.<\/p>\n                        <\/div>\n                    <\/div>\n                            <\/div>\n            <\/div>\n<\/section>\n\n\n<section id=\"contact-cta-block-block_1634e95d4e4fa438eed0a4437696a181\" class=\"block-contact-cta w-full bg-[#005a86] text-white white-text pt-17 pb-28.75 lg:py-24 relative overflow-hidden\">\n    <div class=\"container max-w-407.5 mx-auto px-4 flex flex-col lg:flex-row justify-between items-center gap-27.75 lg:gap-12\">\n        <img loading=\"lazy\" decoding=\"async\" src=\"https:\/\/unloaded.cz\/wp-content\/themes\/unloaded\/images\/Angle-Pattern.png\" alt=\"Quote Icon\" class=\"hidden lg:block left-0 top-0 right-0 w-auto h-full absolute m-auto\">\n        <img loading=\"lazy\" decoding=\"async\" src=\"https:\/\/unloaded.cz\/wp-content\/themes\/unloaded\/images\/unloaded-cta-mobile-bg.svg\" alt=\"Quote Icon\" class=\"lg:hidden absolute w-[100%] max-w-none opacity-70 top-46\">\n        <!-- Left Content -->\n        <div class=\"max-w-xl relative z-2 lg:static px-10 lg:px-0\">\n                            <h2 class=\"text-3xl md:text-4xl font-bold mb-11 leading-[1.05em]\">Nest\u00edh\u00e1te?  My st\u00edh\u00e1me za v\u00e1s.<\/h2>\n            \n                            <div class=\"text-5 md:text-5 leading-6 mb-6 space-y-8 leading-[1.55em]\" >\n                    <p>Rozbil se v\u00e1m v\u016fz? Chyb\u00ed v\u00e1m \u0159idi\u010d? Nebo jen nechcete \u0159e\u0161it logistiku sami?<\/p>\n<p>Zavol\u00e1te. P\u0159ijedeme. Vy\u0159e\u0161\u00edme. A vy se m\u016f\u017eete v\u011bnovat tomu podstatn\u00e9mu.<\/p>\n                <\/div>\n            \n                                        <a href=\"\/formular-pro-logistiku\" target=\"\" class=\"btn mt-7.5\">Zadejte svou popt\u00e1vku online<\/a>\n                    <\/div>\n\n        <!-- Right Contact Info -->\n        <div class=\"text-white w-full lg:w-[29%] text-base relative z-2 lg:static px-10 lg:px-0 cn-cta-info-block\">\n                            <h2 class=\"text-xl font-bold mb-8.5 lg:mb-4\">Kontaktujte n\u00e1s<\/h2>\n            \n                                        <p class=\"flex items-center gap-6.5 mb-6.5 lg:mb-4\">\n                    <span class=\"w-10.5\"><img loading=\"lazy\" decoding=\"async\" src=\"https:\/\/unloaded.cz\/wp-content\/themes\/unloaded\/images\/phone.svg\" alt=\"Phone Icon\" class=\"w-auto h-auto\"><\/span> <a href=\"tel:383%20382%20293\" target=\"\" class=\"text-[2.5rem] hover:underline\">383 382 293<\/a>\n                <\/p>\n            \n                                        <p class=\"flex items-center gap-6.5 mb-7.5 lg:mb-5\">\n                    <span class=\"w-10.5\"><img loading=\"lazy\" decoding=\"async\" src=\"https:\/\/unloaded.cz\/wp-content\/themes\/unloaded\/images\/email.svg\" alt=\"Email Icon\" class=\"w-auto h-auto\"><\/span> <a href=\"mailto:info@unloaded.cz\" target=\"\"  class=\"text-[2.5rem] hover:underline\">info@unloaded.cz<\/a>\n                <\/p>\n            \n                        \n        <\/div>\n    <\/div>\n<\/section>","protected":false},"excerpt":{"rendered":"","protected":false},"author":2,"featured_media":0,"parent":0,"menu_order":0,"comment_status":"closed","ping_status":"closed","template":"","meta":{"_acf_changed":false,"_seopress_robots_primary_cat":"","_seopress_titles_title":"Autodoprava pro firmy: Efektivn\u00ed logistick\u00e9 \u0159e\u0161en\u00ed na m\u00edru","_seopress_titles_desc":"Objevte efektivn\u00ed Autodoprava pro firmy. Na\u0161e slu\u017eby v\u00e1m zajist\u00ed spolehlivost, rychlost a profesion\u00e1ln\u00ed p\u0159\u00edstup pro va\u0161e logistick\u00e9 pot\u0159eby.","_seopress_robots_index":"","inline_featured_image":false,"footnotes":""},"class_list":["post-27","page","type-page","status-publish","hentry"],"acf":[],"_links":{"self":[{"href":"https:\/\/unloaded.cz\/en\/wp-json\/wp\/v2\/pages\/27","targetHints":{"allow":["GET"]}}],"collection":[{"href":"https:\/\/unloaded.cz\/en\/wp-json\/wp\/v2\/pages"}],"about":[{"href":"https:\/\/unloaded.cz\/en\/wp-json\/wp\/v2\/types\/page"}],"author":[{"embeddable":true,"href":"https:\/\/unloaded.cz\/en\/wp-json\/wp\/v2\/users\/2"}],"replies":[{"embeddable":true,"href":"https:\/\/unloaded.cz\/en\/wp-json\/wp\/v2\/comments?post=27"}],"version-history":[{"count":11,"href":"https:\/\/unloaded.cz\/en\/wp-json\/wp\/v2\/pages\/27\/revisions"}],"predecessor-version":[{"id":835,"href":"https:\/\/unloaded.cz\/en\/wp-json\/wp\/v2\/pages\/27\/revisions\/835"}],"wp:attachment":[{"href":"https:\/\/unloaded.cz\/en\/wp-json\/wp\/v2\/media?parent=27"}],"curies":[{"name":"wp","href":"https:\/\/api.w.org\/{rel}","templated":true}]}}